{"id":198,"date":"2017-01-14T10:39:18","date_gmt":"2017-01-14T09:39:18","guid":{"rendered":"https:\/\/stemarie-derval.fr\/?page_id=198"},"modified":"2025-10-03T16:12:23","modified_gmt":"2025-10-03T14:12:23","slug":"logec","status":"publish","type":"page","link":"https:\/\/stemarie-derval.fr\/?page_id=198","title":{"rendered":"L&rsquo;OGEC"},"content":{"rendered":"<p><a href=\"https:\/\/stemarie-derval.fr\/wp-content\/uploads\/2017\/01\/Logo-OGEC.jpg\"><img loading=\"lazy\" decoding=\"async\" class=\"wp-image-312 aligncenter\" src=\"https:\/\/stemarie-derval.fr\/wp-content\/uploads\/2017\/01\/Logo-OGEC.jpg\" alt=\"\" width=\"412\" height=\"224\" srcset=\"https:\/\/stemarie-derval.fr\/wp-content\/uploads\/2017\/01\/Logo-OGEC.jpg 690w, https:\/\/stemarie-derval.fr\/wp-content\/uploads\/2017\/01\/Logo-OGEC-300x163.jpg 300w\" sizes=\"(max-width: 412px) 100vw, 412px\" \/><\/a><\/p>\n<h2 style=\"text-align: center;\"><span style=\"color: #00733b;\"><strong>Organisme de Gestion de l&rsquo;Enseignement Catholique<\/strong><\/span><\/h2>\n<p style=\"text-align: justify;\">A Derval, l&rsquo;OGEC assure la gestion du coll\u00e8ge Saint Joseph et de l&rsquo;\u00e9cole Sainte Marie.<\/p>\n<p style=\"text-align: justify;\">Cette association, compos\u00e9e de parents d&rsquo;\u00e9l\u00e8ves b\u00e9n\u00e9voles :<\/p>\n<ul style=\"list-style-type: disc; text-align: justify;\">\n<li>assure la gestion juridique et financi\u00e8re de l&rsquo;\u00e9cole,<\/li>\n<li>g\u00e8re l&rsquo;entretien des b\u00e2timents et en assure la s\u00e9curit\u00e9,<\/li>\n<li>programme et finance les travaux au sein de l&rsquo;\u00e9cole,<\/li>\n<li>s&rsquo;occupe du recrutement et de la gestion du personnel non-enseignant.<\/li>\n<\/ul>\n<h3 style=\"text-align: center;\"><span style=\"color: #00733b;\"><strong>Composition de l&rsquo;OGEC (2025-2026) :<\/strong><\/span><\/h3>\n<ul style=\"list-style-type: disc;\">\n<li>Pr\u00e9sidente : Annie JUSTEAU<\/li>\n<li>Tr\u00e9sorier : Michel HERRAULT<\/li>\n<li>Secr\u00e9taire : St\u00e9phane PINARD<\/li>\n<\/ul>\n<p><a href=\"https:\/\/stemarie-derval.fr\/wp-content\/uploads\/2025\/10\/Plaquette-OGEC-2025.pdf\">Plaquette OGEC 2025<\/a><\/p>\n","protected":false},"excerpt":{"rendered":"<p>Organisme de Gestion de l&rsquo;Enseignement Catholique A Derval, l&rsquo;OGEC assure la gestion du coll\u00e8ge Saint Joseph et de l&rsquo;\u00e9cole Sainte Marie. Cette association, compos\u00e9e de parents d&rsquo;\u00e9l\u00e8ves b\u00e9n\u00e9voles : assure la gestion juridique et financi\u00e8re de l&rsquo;\u00e9cole, g\u00e8re l&rsquo;entretien des b\u00e2timents et en assure la s\u00e9curit\u00e9, programme et finance les travaux au sein de l&rsquo;\u00e9cole,<\/p>\n<p><a href=\"https:\/\/stemarie-derval.fr\/?page_id=198\" class=\"more-link themebutton\">Lire la suite<\/a><\/p>\n","protected":false},"author":2,"featured_media":0,"parent":0,"menu_order":0,"comment_status":"closed","ping_status":"closed","template":"","meta":{"footnotes":""},"_links":{"self":[{"href":"https:\/\/stemarie-derval.fr\/index.php?rest_route=\/wp\/v2\/pages\/198"}],"collection":[{"href":"https:\/\/stemarie-derval.fr\/index.php?rest_route=\/wp\/v2\/pages"}],"about":[{"href":"https:\/\/stemarie-derval.fr\/index.php?rest_route=\/wp\/v2\/types\/page"}],"author":[{"embeddable":true,"href":"https:\/\/stemarie-derval.fr\/index.php?rest_route=\/wp\/v2\/users\/2"}],"replies":[{"embeddable":true,"href":"https:\/\/stemarie-derval.fr\/index.php?rest_route=%2Fwp%2Fv2%2Fcomments&post=198"}],"version-history":[{"count":6,"href":"https:\/\/stemarie-derval.fr\/index.php?rest_route=\/wp\/v2\/pages\/198\/revisions"}],"predecessor-version":[{"id":5080,"href":"https:\/\/stemarie-derval.fr\/index.php?rest_route=\/wp\/v2\/pages\/198\/revisions\/5080"}],"wp:attachment":[{"href":"https:\/\/stemarie-derval.fr\/index.php?rest_route=%2Fwp%2Fv2%2Fmedia&parent=198"}],"curies":[{"name":"wp","href":"https:\/\/api.w.org\/{rel}","templated":true}]}}