{"id":233,"date":"2017-01-14T11:25:24","date_gmt":"2017-01-14T10:25:24","guid":{"rendered":"https:\/\/stemarie-derval.fr\/?page_id=233"},"modified":"2023-04-04T11:20:37","modified_gmt":"2023-04-04T09:20:37","slug":"partenaires","status":"publish","type":"page","link":"https:\/\/stemarie-derval.fr\/?page_id=233","title":{"rendered":"Partenaires"},"content":{"rendered":"<div id=\"pl-233\"  class=\"panel-layout\" ><div id=\"pg-233-0\"  class=\"panel-grid panel-no-style\" ><div id=\"pgc-233-0-0\"  class=\"panel-grid-cell\" ><div id=\"panel-233-0-0-0\" class=\"so-panel widget widget_sow-editor panel-first-child\" data-index=\"0\" ><div\n\t\t\t\n\t\t\tclass=\"so-widget-sow-editor so-widget-sow-editor-base\"\n\t\t\t\n\t\t>\n<div class=\"siteorigin-widget-tinymce textwidget\">\n\t<h2 style=\"text-align: center;\"><strong>Coll\u00e8ge Saint Joseph<\/strong><\/h2>\n<p><a href=\"https:\/\/www.stjoderval.fr\/\" target=\"_blank\" rel=\"noopener\"><img loading=\"lazy\" decoding=\"async\" class=\"aligncenter size-medium wp-image-644\" src=\"https:\/\/stemarie-derval.fr\/wp-content\/uploads\/2017\/01\/Site-coll\u00e8ge-St-Jo-300x206.jpg\" alt=\"\" width=\"300\" height=\"206\" srcset=\"https:\/\/stemarie-derval.fr\/wp-content\/uploads\/2017\/01\/Site-coll\u00e8ge-St-Jo-300x206.jpg 300w, https:\/\/stemarie-derval.fr\/wp-content\/uploads\/2017\/01\/Site-coll\u00e8ge-St-Jo-768x526.jpg 768w, https:\/\/stemarie-derval.fr\/wp-content\/uploads\/2017\/01\/Site-coll\u00e8ge-St-Jo-1024x702.jpg 1024w, https:\/\/stemarie-derval.fr\/wp-content\/uploads\/2017\/01\/Site-coll\u00e8ge-St-Jo.jpg 1099w\" sizes=\"(max-width: 300px) 100vw, 300px\" \/><\/a><\/p>\n<\/div>\n<\/div><\/div><div id=\"panel-233-0-0-1\" class=\"so-panel widget widget_sow-editor\" data-index=\"1\" ><div\n\t\t\t\n\t\t\tclass=\"so-widget-sow-editor so-widget-sow-editor-base\"\n\t\t\t\n\t\t>\n<div class=\"siteorigin-widget-tinymce textwidget\">\n\t<h2 style=\"text-align: center;\"><strong>Paroisse Saint Gu\u00e9nol\u00e9<\/strong><\/h2>\n<p><a href=\"https:\/\/saintclair-saintguenole-nantes.fr\/\" target=\"_blank\" rel=\"noopener\"><img loading=\"lazy\" decoding=\"async\" class=\"aligncenter size-medium wp-image-645\" src=\"https:\/\/stemarie-derval.fr\/wp-content\/uploads\/2017\/01\/Site-paroisse-300x147.jpg\" alt=\"\" width=\"300\" height=\"147\" srcset=\"https:\/\/stemarie-derval.fr\/wp-content\/uploads\/2017\/01\/Site-paroisse-300x147.jpg 300w, https:\/\/stemarie-derval.fr\/wp-content\/uploads\/2017\/01\/Site-paroisse-768x377.jpg 768w, https:\/\/stemarie-derval.fr\/wp-content\/uploads\/2017\/01\/Site-paroisse-1024x502.jpg 1024w, https:\/\/stemarie-derval.fr\/wp-content\/uploads\/2017\/01\/Site-paroisse.jpg 1729w\" sizes=\"(max-width: 300px) 100vw, 300px\" \/><\/a><\/p>\n<\/div>\n<\/div><\/div><div id=\"panel-233-0-0-2\" class=\"so-panel widget widget_sow-editor panel-last-child\" data-index=\"2\" ><div\n\t\t\t\n\t\t\tclass=\"so-widget-sow-editor so-widget-sow-editor-base\"\n\t\t\t\n\t\t>\n<div class=\"siteorigin-widget-tinymce textwidget\">\n\t<h2 style=\"text-align: center;\"><strong>Communaut\u00e9 de Communes<\/strong><\/h2>\n<p><a href=\"https:\/\/www.cc-chateaubriant-derval.fr\/\" target=\"_blank\" rel=\"noopener\"><img loading=\"lazy\" decoding=\"async\" class=\"aligncenter size-medium wp-image-648\" src=\"https:\/\/stemarie-derval.fr\/wp-content\/uploads\/2017\/01\/Site-comcom-300x185.jpg\" alt=\"\" width=\"300\" height=\"185\" srcset=\"https:\/\/stemarie-derval.fr\/wp-content\/uploads\/2017\/01\/Site-comcom-300x185.jpg 300w, https:\/\/stemarie-derval.fr\/wp-content\/uploads\/2017\/01\/Site-comcom-768x475.jpg 768w, https:\/\/stemarie-derval.fr\/wp-content\/uploads\/2017\/01\/Site-comcom-1024x633.jpg 1024w, https:\/\/stemarie-derval.fr\/wp-content\/uploads\/2017\/01\/Site-comcom.jpg 1437w\" sizes=\"(max-width: 300px) 100vw, 300px\" \/><\/a><\/p>\n<\/div>\n<\/div><\/div><\/div><div id=\"pgc-233-0-1\"  class=\"panel-grid-cell\" ><div id=\"panel-233-0-1-0\" class=\"so-panel widget widget_sow-editor panel-first-child\" data-index=\"3\" ><div\n\t\t\t\n\t\t\tclass=\"so-widget-sow-editor so-widget-sow-editor-base\"\n\t\t\t\n\t\t>\n<div class=\"siteorigin-widget-tinymce textwidget\">\n\t<h2 style=\"text-align: center;\"><strong>Enseignement Catholique de Loire Atlantique<\/strong><\/h2>\n<p><a href=\"http:\/\/www.ec44.fr\/\" target=\"_blank\"><img loading=\"lazy\" decoding=\"async\" class=\"aligncenter  wp-image-173\" src=\"https:\/\/stemarie-derval.fr\/wp-content\/uploads\/2016\/05\/logo_ec44.jpg\" alt=\"\" width=\"258\" height=\"174\" \/><\/a><\/p>\n<\/div>\n<\/div><\/div><div id=\"panel-233-0-1-1\" class=\"so-panel widget widget_sow-editor\" data-index=\"4\" ><div\n\t\t\t\n\t\t\tclass=\"so-widget-sow-editor so-widget-sow-editor-base\"\n\t\t\t\n\t\t>\n<div class=\"siteorigin-widget-tinymce textwidget\">\n\t<h2 style=\"text-align: center;\"><strong>Mairie de Derval<\/strong><\/h2>\n<p><a href=\"http:\/\/www.derval.fr\/\" target=\"_blank\"><img loading=\"lazy\" decoding=\"async\" class=\"aligncenter size-medium wp-image-646\" src=\"https:\/\/stemarie-derval.fr\/wp-content\/uploads\/2017\/01\/Site-Mairie-Derval-300x141.jpg\" alt=\"\" width=\"300\" height=\"141\" srcset=\"https:\/\/stemarie-derval.fr\/wp-content\/uploads\/2017\/01\/Site-Mairie-Derval-300x141.jpg 300w, https:\/\/stemarie-derval.fr\/wp-content\/uploads\/2017\/01\/Site-Mairie-Derval-768x360.jpg 768w, https:\/\/stemarie-derval.fr\/wp-content\/uploads\/2017\/01\/Site-Mairie-Derval-1024x480.jpg 1024w, https:\/\/stemarie-derval.fr\/wp-content\/uploads\/2017\/01\/Site-Mairie-Derval.jpg 1863w\" sizes=\"(max-width: 300px) 100vw, 300px\" \/><\/a><\/p>\n<\/div>\n<\/div><\/div><div id=\"panel-233-0-1-2\" class=\"so-panel widget widget_sow-editor panel-last-child\" data-index=\"5\" ><div\n\t\t\t\n\t\t\tclass=\"so-widget-sow-editor so-widget-sow-editor-base\"\n\t\t\t\n\t\t>\n<div class=\"siteorigin-widget-tinymce textwidget\">\n\t<h2 style=\"text-align: center;\"><strong>M\u00e9diath\u00e8que de Derval<br \/>\n<\/strong><\/h2>\n<p><a href=\"https:\/\/mediatheques.cc-chateaubriant-derval.fr\/\" target=\"_blank\" rel=\"noopener\"><img loading=\"lazy\" decoding=\"async\" class=\"aligncenter size-medium wp-image-669\" src=\"https:\/\/stemarie-derval.fr\/wp-content\/uploads\/2017\/01\/Site-m\u00e9diath\u00e8que-300x205.jpg\" alt=\"\" width=\"300\" height=\"205\" srcset=\"https:\/\/stemarie-derval.fr\/wp-content\/uploads\/2017\/01\/Site-m\u00e9diath\u00e8que-300x205.jpg 300w, https:\/\/stemarie-derval.fr\/wp-content\/uploads\/2017\/01\/Site-m\u00e9diath\u00e8que-768x525.jpg 768w, https:\/\/stemarie-derval.fr\/wp-content\/uploads\/2017\/01\/Site-m\u00e9diath\u00e8que-1024x699.jpg 1024w, https:\/\/stemarie-derval.fr\/wp-content\/uploads\/2017\/01\/Site-m\u00e9diath\u00e8que.jpg 1243w\" sizes=\"(max-width: 300px) 100vw, 300px\" \/><\/a><\/p>\n<\/div>\n<\/div><\/div><\/div><\/div><\/div>","protected":false},"excerpt":{"rendered":"<p>Coll\u00e8ge Saint Joseph Paroisse Saint Gu\u00e9nol\u00e9 Communaut\u00e9 de Communes Enseignement Catholique de Loire Atlantique Mairie de Derval M\u00e9diath\u00e8que de Derval<\/p>\n","protected":false},"author":2,"featured_media":0,"parent":0,"menu_order":0,"comment_status":"closed","ping_status":"closed","template":"","meta":{"footnotes":""},"_links":{"self":[{"href":"https:\/\/stemarie-derval.fr\/index.php?rest_route=\/wp\/v2\/pages\/233"}],"collection":[{"href":"https:\/\/stemarie-derval.fr\/index.php?rest_route=\/wp\/v2\/pages"}],"about":[{"href":"https:\/\/stemarie-derval.fr\/index.php?rest_route=\/wp\/v2\/types\/page"}],"author":[{"embeddable":true,"href":"https:\/\/stemarie-derval.fr\/index.php?rest_route=\/wp\/v2\/users\/2"}],"replies":[{"embeddable":true,"href":"https:\/\/stemarie-derval.fr\/index.php?rest_route=%2Fwp%2Fv2%2Fcomments&post=233"}],"version-history":[{"count":4,"href":"https:\/\/stemarie-derval.fr\/index.php?rest_route=\/wp\/v2\/pages\/233\/revisions"}],"predecessor-version":[{"id":4789,"href":"https:\/\/stemarie-derval.fr\/index.php?rest_route=\/wp\/v2\/pages\/233\/revisions\/4789"}],"wp:attachment":[{"href":"https:\/\/stemarie-derval.fr\/index.php?rest_route=%2Fwp%2Fv2%2Fmedia&parent=233"}],"curies":[{"name":"wp","href":"https:\/\/api.w.org\/{rel}","templated":true}]}}