{"id":4906,"date":"2024-08-19T11:15:22","date_gmt":"2024-08-19T09:15:22","guid":{"rendered":"https:\/\/stemarie-derval.fr\/?page_id=4906"},"modified":"2024-08-19T11:15:22","modified_gmt":"2024-08-19T09:15:22","slug":"grammaire","status":"publish","type":"page","link":"https:\/\/stemarie-derval.fr\/?page_id=4906","title":{"rendered":"Grammaire"},"content":{"rendered":"<h2>CM1<\/h2>\n<p><a href=\"https:\/\/ecolenouvelle.wordpress.com\/2020\/10\/02\/grammaire\/\">Les diff\u00e9rentes r\u00e8gles pour les CM1 sont ici.<\/a><\/p>\n<h2>CM2<\/h2>\n<p><a href=\"https:\/\/ecolenouvelle.wordpress.com\/2020\/10\/02\/grammaire\/\">Les diff\u00e9rentes r\u00e8gles pour les CM2 sont ici.<\/a><\/p>\n","protected":false},"excerpt":{"rendered":"<p>CM1 Les diff\u00e9rentes r\u00e8gles pour les CM1 sont ici. CM2 Les diff\u00e9rentes r\u00e8gles pour les CM2 sont ici.<\/p>\n","protected":false},"author":2,"featured_media":4907,"parent":0,"menu_order":0,"comment_status":"closed","ping_status":"closed","template":"","meta":{"footnotes":""},"_links":{"self":[{"href":"https:\/\/stemarie-derval.fr\/index.php?rest_route=\/wp\/v2\/pages\/4906"}],"collection":[{"href":"https:\/\/stemarie-derval.fr\/index.php?rest_route=\/wp\/v2\/pages"}],"about":[{"href":"https:\/\/stemarie-derval.fr\/index.php?rest_route=\/wp\/v2\/types\/page"}],"author":[{"embeddable":true,"href":"https:\/\/stemarie-derval.fr\/index.php?rest_route=\/wp\/v2\/users\/2"}],"replies":[{"embeddable":true,"href":"https:\/\/stemarie-derval.fr\/index.php?rest_route=%2Fwp%2Fv2%2Fcomments&post=4906"}],"version-history":[{"count":1,"href":"https:\/\/stemarie-derval.fr\/index.php?rest_route=\/wp\/v2\/pages\/4906\/revisions"}],"predecessor-version":[{"id":4909,"href":"https:\/\/stemarie-derval.fr\/index.php?rest_route=\/wp\/v2\/pages\/4906\/revisions\/4909"}],"wp:featuredmedia":[{"embeddable":true,"href":"https:\/\/stemarie-derval.fr\/index.php?rest_route=\/wp\/v2\/media\/4907"}],"wp:attachment":[{"href":"https:\/\/stemarie-derval.fr\/index.php?rest_route=%2Fwp%2Fv2%2Fmedia&parent=4906"}],"curies":[{"name":"wp","href":"https:\/\/api.w.org\/{rel}","templated":true}]}}