{"id":4914,"date":"2024-08-19T11:22:07","date_gmt":"2024-08-19T09:22:07","guid":{"rendered":"https:\/\/stemarie-derval.fr\/?page_id=4914"},"modified":"2026-03-09T17:22:31","modified_gmt":"2026-03-09T16:22:31","slug":"poesie-theatre","status":"publish","type":"page","link":"https:\/\/stemarie-derval.fr\/?page_id=4914","title":{"rendered":"Po\u00e9sie Th\u00e9\u00e2tre"},"content":{"rendered":"<p>Pi\u00e8ce de Th\u00e9\u00e2tre: la maladie de L\u00e9andre: <a href=\"https:\/\/stemarie-derval.fr\/?p=5130\">cliquer ici.<\/a><\/p>\n<p>Les po\u00e8mes en Gallo : <a href=\"https:\/\/ecolenouvelle.wordpress.com\/2026\/03\/02\/poesies-en-gallo\/\">cliquer ici.<\/a><\/p>\n<p>Th\u00e9\u00e2tre: <a href=\"https:\/\/stjosephsion.fr\/?p=27265\">cliquer ici.<\/a><\/p>\n<p>Quelques po\u00e9sies sur No\u00ebl:<a href=\"https:\/\/stjosephsion.fr\/?p=14950\"> cliquer ici<\/a><\/p>\n<p>Les plus beaux po\u00e8mes de la langue fran\u00e7aise: <a href=\"http:\/\/www.alalettre.com\/oeuvres-les-plus-beaux-poemes-francais.php\">cliquer ici.<\/a><\/p>\n<p>Quelques po\u00e9sies sur des th\u00e8mes divers: <a href=\"https:\/\/stjosephsion.fr\/?p=10382\">cliquer ici.<\/a><\/p>\n<p>Quelques po\u00e9sies sur les animaux: <a href=\"http:\/\/www.lesvoixdelapoesie.com\/poem-tags\/animaux\">cliquer ici.<\/a><\/p>\n<p>Quelques po\u00e9sies sur l\u2019hiver : <a href=\"http:\/\/www.lesvoixdelapoesie.com\/poem-tags\/hiver\">cliquer ici.<\/a><\/p>\n<p>Quelques po\u00e9sies de Victor Hugo: <a href=\"http:\/\/poesie.webnet.fr\/lesgrandsclassiques\/poemes\/victor_hugo\/victor_hugo.html\">cliquer ici.<\/a><\/p>\n<p>Exemple de lien vers des po\u00e9sies de CM1-CM2:<a href=\"http:\/\/apremont.cycle3.free.fr\/classe_virtuelle\/poesies_ordre_numerique.htm\"> attention certainement po\u00e9sies peuvent \u00eatre simples pour certains enfants alors qu\u2019elles seront complexes pour d\u2019autres. Il convient \u00e0 l\u2019enfant d\u2019adapter son choix \u00e0 ses capacit\u00e9s.<\/a><\/p>\n","protected":false},"excerpt":{"rendered":"<p>Pi\u00e8ce de Th\u00e9\u00e2tre: la maladie de L\u00e9andre: cliquer ici. Les po\u00e8mes en Gallo : cliquer ici. Th\u00e9\u00e2tre: cliquer ici. Quelques po\u00e9sies sur No\u00ebl: cliquer ici Les plus beaux po\u00e8mes de la langue fran\u00e7aise: cliquer ici. Quelques po\u00e9sies sur des th\u00e8mes divers: cliquer ici. Quelques po\u00e9sies sur les animaux: cliquer ici. Quelques po\u00e9sies sur l\u2019hiver :<\/p>\n<p><a href=\"https:\/\/stemarie-derval.fr\/?page_id=4914\" class=\"more-link themebutton\">Lire la suite<\/a><\/p>\n","protected":false},"author":2,"featured_media":4915,"parent":0,"menu_order":0,"comment_status":"closed","ping_status":"closed","template":"","meta":{"footnotes":""},"_links":{"self":[{"href":"https:\/\/stemarie-derval.fr\/index.php?rest_route=\/wp\/v2\/pages\/4914"}],"collection":[{"href":"https:\/\/stemarie-derval.fr\/index.php?rest_route=\/wp\/v2\/pages"}],"about":[{"href":"https:\/\/stemarie-derval.fr\/index.php?rest_route=\/wp\/v2\/types\/page"}],"author":[{"embeddable":true,"href":"https:\/\/stemarie-derval.fr\/index.php?rest_route=\/wp\/v2\/users\/2"}],"replies":[{"embeddable":true,"href":"https:\/\/stemarie-derval.fr\/index.php?rest_route=%2Fwp%2Fv2%2Fcomments&post=4914"}],"version-history":[{"count":4,"href":"https:\/\/stemarie-derval.fr\/index.php?rest_route=\/wp\/v2\/pages\/4914\/revisions"}],"predecessor-version":[{"id":5153,"href":"https:\/\/stemarie-derval.fr\/index.php?rest_route=\/wp\/v2\/pages\/4914\/revisions\/5153"}],"wp:featuredmedia":[{"embeddable":true,"href":"https:\/\/stemarie-derval.fr\/index.php?rest_route=\/wp\/v2\/media\/4915"}],"wp:attachment":[{"href":"https:\/\/stemarie-derval.fr\/index.php?rest_route=%2Fwp%2Fv2%2Fmedia&parent=4914"}],"curies":[{"name":"wp","href":"https:\/\/api.w.org\/{rel}","templated":true}]}}