{"id":4947,"date":"2024-08-19T11:45:30","date_gmt":"2024-08-19T09:45:30","guid":{"rendered":"https:\/\/stemarie-derval.fr\/?page_id=4947"},"modified":"2024-08-19T11:46:02","modified_gmt":"2024-08-19T09:46:02","slug":"les-experiences-des-eleves","status":"publish","type":"page","link":"https:\/\/stemarie-derval.fr\/?page_id=4947","title":{"rendered":"Les exp\u00e9riences des \u00e9l\u00e8ves"},"content":{"rendered":"<p><a href=\"https:\/\/stjosephsion.fr\/?p=35403\">Les exp\u00e9riences scientifiques de mai juin juillet 2024<\/a><\/p>\n<p><a href=\"https:\/\/stjosephsion.fr\/?p=27261\">Les exp\u00e9riences scientifiques de juin 2021<\/a><\/p>\n<p><a href=\"https:\/\/stjosephsion.fr\/?p=18326\">Les exp\u00e9riences de mai juin 2018 <\/a><a href=\"https:\/\/stjosephsion.fr\/?attachment_id=204\" rel=\"attachment wp-att-204\"><img loading=\"lazy\" decoding=\"async\" class=\"alignnone wp-image-204\" src=\"https:\/\/stjosephsion.fr\/wp-content\/uploads\/2014\/11\/fun_sciencesR-300x215.jpg\" sizes=\"(max-width: 81px) 100vw, 81px\" srcset=\"https:\/\/stjosephsion.fr\/wp-content\/uploads\/2014\/11\/fun_sciencesR-300x215.jpg 300w, https:\/\/stjosephsion.fr\/wp-content\/uploads\/2014\/11\/fun_sciencesR.jpg 416w\" alt=\"\" width=\"81\" height=\"58\" \/><\/a><\/p>\n<p><a href=\"https:\/\/stjosephsion.fr\/?p=10167\">Les exp\u00e9riences des ann\u00e9es pass\u00e9es<\/a><\/p>\n<p>&nbsp;<\/p>\n","protected":false},"excerpt":{"rendered":"<p>Les exp\u00e9riences scientifiques de mai juin juillet 2024 Les exp\u00e9riences scientifiques de juin 2021 Les exp\u00e9riences de mai juin 2018 Les exp\u00e9riences des ann\u00e9es pass\u00e9es &nbsp;<\/p>\n","protected":false},"author":2,"featured_media":4948,"parent":0,"menu_order":0,"comment_status":"closed","ping_status":"closed","template":"","meta":{"footnotes":""},"_links":{"self":[{"href":"https:\/\/stemarie-derval.fr\/index.php?rest_route=\/wp\/v2\/pages\/4947"}],"collection":[{"href":"https:\/\/stemarie-derval.fr\/index.php?rest_route=\/wp\/v2\/pages"}],"about":[{"href":"https:\/\/stemarie-derval.fr\/index.php?rest_route=\/wp\/v2\/types\/page"}],"author":[{"embeddable":true,"href":"https:\/\/stemarie-derval.fr\/index.php?rest_route=\/wp\/v2\/users\/2"}],"replies":[{"embeddable":true,"href":"https:\/\/stemarie-derval.fr\/index.php?rest_route=%2Fwp%2Fv2%2Fcomments&post=4947"}],"version-history":[{"count":1,"href":"https:\/\/stemarie-derval.fr\/index.php?rest_route=\/wp\/v2\/pages\/4947\/revisions"}],"predecessor-version":[{"id":4950,"href":"https:\/\/stemarie-derval.fr\/index.php?rest_route=\/wp\/v2\/pages\/4947\/revisions\/4950"}],"wp:featuredmedia":[{"embeddable":true,"href":"https:\/\/stemarie-derval.fr\/index.php?rest_route=\/wp\/v2\/media\/4948"}],"wp:attachment":[{"href":"https:\/\/stemarie-derval.fr\/index.php?rest_route=%2Fwp%2Fv2%2Fmedia&parent=4947"}],"curies":[{"name":"wp","href":"https:\/\/api.w.org\/{rel}","templated":true}]}}