{"id":5107,"date":"2025-10-09T07:29:55","date_gmt":"2025-10-09T05:29:55","guid":{"rendered":"https:\/\/stemarie-derval.fr\/?page_id=5107"},"modified":"2025-10-09T07:29:55","modified_gmt":"2025-10-09T05:29:55","slug":"le-padlet-des-ms-gs","status":"publish","type":"page","link":"https:\/\/stemarie-derval.fr\/?page_id=5107","title":{"rendered":"Le padlet des MS GS"},"content":{"rendered":"<p>Pour acc\u00e9der au padlet de la classe, cliquer ici.<\/p>\n<p><a href=\"https:\/\/padlet.com\/benegilard30\/ma-vie-en-ms-gs-49eeuolojwt5fbdv\">https:\/\/padlet.com\/benegilard30\/ma-vie-en-ms-gs-49eeuolojwt5fbdv<\/a><\/p>\n<p>Le mot de passe doit \u00eatre demand\u00e9 via educartable \u00e0 l enseignante.<\/p>\n","protected":false},"excerpt":{"rendered":"<p>Pour acc\u00e9der au padlet de la classe, cliquer ici. https:\/\/padlet.com\/benegilard30\/ma-vie-en-ms-gs-49eeuolojwt5fbdv Le mot de passe doit \u00eatre demand\u00e9 via educartable \u00e0 l enseignante.<\/p>\n","protected":false},"author":2,"featured_media":4861,"parent":0,"menu_order":0,"comment_status":"closed","ping_status":"closed","template":"","meta":{"footnotes":""},"_links":{"self":[{"href":"https:\/\/stemarie-derval.fr\/index.php?rest_route=\/wp\/v2\/pages\/5107"}],"collection":[{"href":"https:\/\/stemarie-derval.fr\/index.php?rest_route=\/wp\/v2\/pages"}],"about":[{"href":"https:\/\/stemarie-derval.fr\/index.php?rest_route=\/wp\/v2\/types\/page"}],"author":[{"embeddable":true,"href":"https:\/\/stemarie-derval.fr\/index.php?rest_route=\/wp\/v2\/users\/2"}],"replies":[{"embeddable":true,"href":"https:\/\/stemarie-derval.fr\/index.php?rest_route=%2Fwp%2Fv2%2Fcomments&post=5107"}],"version-history":[{"count":1,"href":"https:\/\/stemarie-derval.fr\/index.php?rest_route=\/wp\/v2\/pages\/5107\/revisions"}],"predecessor-version":[{"id":5109,"href":"https:\/\/stemarie-derval.fr\/index.php?rest_route=\/wp\/v2\/pages\/5107\/revisions\/5109"}],"wp:featuredmedia":[{"embeddable":true,"href":"https:\/\/stemarie-derval.fr\/index.php?rest_route=\/wp\/v2\/media\/4861"}],"wp:attachment":[{"href":"https:\/\/stemarie-derval.fr\/index.php?rest_route=%2Fwp%2Fv2%2Fmedia&parent=5107"}],"curies":[{"name":"wp","href":"https:\/\/api.w.org\/{rel}","templated":true}]}}